{"id":7,"date":"2025-02-27T22:16:46","date_gmt":"2025-02-27T22:16:46","guid":{"rendered":"https:\/\/blanket.dk\/?page_id=7"},"modified":"2025-03-01T21:22:06","modified_gmt":"2025-03-01T21:22:06","slug":"forside","status":"publish","type":"page","link":"https:\/\/blanket.dk\/","title":{"rendered":"Forside"},"content":{"rendered":"\n\n\n<div class=\"wp-block-group alignfull has-global-padding is-layout-constrained wp-block-group-is-layout-constrained\" style=\"margin-top:0;margin-bottom:0;padding-top:var(--wp--preset--spacing--50);padding-bottom:var(--wp--preset--spacing--50)\">\n<div class=\"wp-block-columns alignwide is-layout-flex wp-container-core-columns-is-layout-1 wp-block-columns-is-layout-flex\">\n<div class=\"wp-block-column is-vertically-aligned-center is-layout-flow wp-block-column-is-layout-flow\">\n<h2 class=\"wp-block-heading has-xx-large-font-size\">Blanket \u2013 Det perfekte t\u00e6ppe til enhver stund<\/h2>\n\n\n\n<p class=\"has-medium-font-size\">Nogle t\u00e6pper er bare t\u00e6pper. Blanket er ren velv\u00e6re. <\/p>\n\n\n\n<p class=\"has-medium-font-size\">Designet til ultimativ komfort holder vores t\u00e6pper dig varm p\u00e5 kolde dage, hyggelig p\u00e5 langsomme aftener og k\u00f8lig, n\u00e5r du vil sove behageligt p\u00e5 varme n\u00e6tter.<\/p>\n\n\n\n<p class=\"has-medium-font-size\">\ud83d\udecc Bl\u00f8dt, \u00e5ndbart og utroligt behageligt<\/p>\n\n\n\n<p class=\"has-medium-font-size\">\u2744\ufe0f Hold varmen om vinteren, forbliv k\u00f8lig om sommeren<\/p>\n\n\n\n<p class=\"has-medium-font-size\">\u2728 Luksuri\u00f8se materialer skabt til den perfekte f\u00f8lelse<\/p>\n\n\n\n<p class=\"has-medium-font-size\">Uanset om du slapper af med en bog, lader op efter en lang dag eller s\u00f8ger den ideelle sovetemperatur, har Blanket dig d\u00e6kket \u2013 bogstaveligt talt.<\/p>\n\n\n\n<p class=\"has-medium-font-size\">Sv\u00f8b dig i komfort. M\u00e6rk forskellen.<\/p>\n<\/div>\n\n\n\n<div class=\"wp-block-column is-vertically-aligned-center is-layout-flow wp-block-column-is-layout-flow\">\n<figure class=\"wp-block-image size-full\"><img loading=\"lazy\" decoding=\"async\" width=\"928\" height=\"1232\" src=\"https:\/\/blanket.dk\/wp-content\/uploads\/2025\/03\/Blanket.png\" alt=\"\" class=\"wp-image-14\" style=\"aspect-ratio:1;object-fit:cover\" srcset=\"https:\/\/blanket.dk\/wp-content\/uploads\/2025\/03\/Blanket.png 928w, https:\/\/blanket.dk\/wp-content\/uploads\/2025\/03\/Blanket-226x300.png 226w, https:\/\/blanket.dk\/wp-content\/uploads\/2025\/03\/Blanket-771x1024.png 771w, https:\/\/blanket.dk\/wp-content\/uploads\/2025\/03\/Blanket-768x1020.png 768w\" sizes=\"auto, (max-width: 928px) 100vw, 928px\" \/><\/figure>\n<\/div>\n<\/div>\n<\/div>\n\n\n\n<div class=\"wp-block-group alignfull has-global-padding is-layout-constrained wp-block-group-is-layout-constrained\" style=\"margin-top:0;margin-bottom:0\">\n<div class=\"wp-block-group alignwide is-layout-flow wp-container-core-group-is-layout-4 wp-block-group-is-layout-flow\" style=\"padding-top:var(--wp--preset--spacing--50);padding-bottom:var(--wp--preset--spacing--50)\">\n<h2 class=\"wp-block-heading has-x-large-font-size\">Sp\u00f8rgsm\u00e5l?<\/h2>\n\n\n\n<div class=\"wp-block-columns is-layout-flex wp-container-core-columns-is-layout-2 wp-block-columns-is-layout-flex\">\n<div class=\"wp-block-column is-layout-flow wp-block-column-is-layout-flow\">\n<div class=\"wp-block-group is-layout-flow wp-block-group-is-layout-flow\" style=\"border-top-color:var(--wp--preset--color--accent-6);border-top-width:1px;padding-top:var(--wp--preset--spacing--30);padding-bottom:var(--wp--preset--spacing--30)\">\n<p>S\u00e5 udfyld kontaktformularen her: <\/p>\n\n\n\n<p><\/p>\n<\/div>\n<\/div>\n\n\n\n<div class=\"wp-block-column is-layout-flow wp-block-column-is-layout-flow\">\n<div class=\"wp-block-group is-layout-flow wp-block-group-is-layout-flow\" style=\"border-top-color:var(--wp--preset--color--accent-6);border-top-width:1px;padding-top:var(--wp--preset--spacing--30);padding-bottom:var(--wp--preset--spacing--30)\">\n<div class=\"wpcf7 no-js\" id=\"wpcf7-f6-o1\" lang=\"da-DK\" dir=\"ltr\" data-wpcf7-id=\"6\">\n<div class=\"screen-reader-response\"><p role=\"status\" aria-live=\"polite\" aria-atomic=\"true\"><\/p> <ul><\/ul><\/div>\n<form action=\"\/index.php?rest_route=%2Fwp%2Fv2%2Fpages%2F7#wpcf7-f6-o1\" method=\"post\" class=\"wpcf7-form init\" aria-label=\"Kontaktformular\" novalidate=\"novalidate\" data-status=\"init\">\n<div style=\"display: none;\">\n<input type=\"hidden\" name=\"_wpcf7\" value=\"6\" \/>\n<input type=\"hidden\" name=\"_wpcf7_version\" value=\"6.0.4\" \/>\n<input type=\"hidden\" name=\"_wpcf7_locale\" value=\"da_DK\" \/>\n<input type=\"hidden\" name=\"_wpcf7_unit_tag\" value=\"wpcf7-f6-o1\" \/>\n<input type=\"hidden\" name=\"_wpcf7_container_post\" value=\"0\" \/>\n<input type=\"hidden\" name=\"_wpcf7_posted_data_hash\" value=\"\" \/>\n<\/div>\n<p><label> Dit navn<br \/>\n<span class=\"wpcf7-form-control-wrap\" data-name=\"your-name\"><input size=\"40\" maxlength=\"400\" class=\"wpcf7-form-control wpcf7-text wpcf7-validates-as-required\" autocomplete=\"name\" aria-required=\"true\" aria-invalid=\"false\" value=\"\" type=\"text\" name=\"your-name\" \/><\/span> <\/label>\n<\/p>\n<p><label> Din e-mail<br \/>\n<span class=\"wpcf7-form-control-wrap\" data-name=\"your-email\"><input size=\"40\" maxlength=\"400\" class=\"wpcf7-form-control wpcf7-email wpcf7-validates-as-required wpcf7-text wpcf7-validates-as-email\" autocomplete=\"email\" aria-required=\"true\" aria-invalid=\"false\" value=\"\" type=\"email\" name=\"your-email\" \/><\/span> <\/label>\n<\/p>\n<p><label> Emne<br \/>\n<span class=\"wpcf7-form-control-wrap\" data-name=\"your-subject\"><input size=\"40\" maxlength=\"400\" class=\"wpcf7-form-control wpcf7-text wpcf7-validates-as-required\" aria-required=\"true\" aria-invalid=\"false\" value=\"\" type=\"text\" name=\"your-subject\" \/><\/span> <\/label>\n<\/p>\n<p><label> Din besked (valgfri)<br \/>\n<span class=\"wpcf7-form-control-wrap\" data-name=\"your-message\"><textarea cols=\"40\" rows=\"10\" maxlength=\"2000\" class=\"wpcf7-form-control wpcf7-textarea\" aria-invalid=\"false\" name=\"your-message\"><\/textarea><\/span> <\/label>\n<\/p>\n<p><input class=\"wpcf7-form-control wpcf7-submit has-spinner\" type=\"submit\" value=\"Send\" \/>\n<\/p><div class=\"wpcf7-response-output\" aria-hidden=\"true\"><\/div>\n<\/form>\n<\/div>\n\n<\/div>\n<\/div>\n<\/div>\n<\/div>\n\n\n\n<p class=\"has-text-align-center\">\u00a9 Blanket.dk 2025<\/p>\n<\/div>\n","protected":false},"excerpt":{"rendered":"<p>Blanket \u2013 Det perfekte t\u00e6ppe til enhver stund Nogle t\u00e6pper er bare t\u00e6pper. Blanket er ren velv\u00e6re. Designet til ultimativ komfort holder vores t\u00e6pper dig varm p\u00e5 kolde dage, hyggelig p\u00e5 langsomme aftener og k\u00f8lig, n\u00e5r du vil sove behageligt p\u00e5 varme n\u00e6tter. \ud83d\udecc Bl\u00f8dt, \u00e5ndbart og utroligt behageligt \u2744\ufe0f Hold varmen om vinteren, forbliv [&hellip;]<\/p>\n","protected":false},"author":1,"featured_media":0,"parent":0,"menu_order":0,"comment_status":"closed","ping_status":"closed","template":"","meta":{"footnotes":""},"class_list":["post-7","page","type-page","status-publish","hentry"],"_links":{"self":[{"href":"https:\/\/blanket.dk\/index.php?rest_route=\/wp\/v2\/pages\/7","targetHints":{"allow":["GET"]}}],"collection":[{"href":"https:\/\/blanket.dk\/index.php?rest_route=\/wp\/v2\/pages"}],"about":[{"href":"https:\/\/blanket.dk\/index.php?rest_route=\/wp\/v2\/types\/page"}],"author":[{"embeddable":true,"href":"https:\/\/blanket.dk\/index.php?rest_route=\/wp\/v2\/users\/1"}],"replies":[{"embeddable":true,"href":"https:\/\/blanket.dk\/index.php?rest_route=%2Fwp%2Fv2%2Fcomments&post=7"}],"version-history":[{"count":4,"href":"https:\/\/blanket.dk\/index.php?rest_route=\/wp\/v2\/pages\/7\/revisions"}],"predecessor-version":[{"id":15,"href":"https:\/\/blanket.dk\/index.php?rest_route=\/wp\/v2\/pages\/7\/revisions\/15"}],"wp:attachment":[{"href":"https:\/\/blanket.dk\/index.php?rest_route=%2Fwp%2Fv2%2Fmedia&parent=7"}],"curies":[{"name":"wp","href":"https:\/\/api.w.org\/{rel}","templated":true}]}}